{"id":20,"date":"2015-01-16T08:46:09","date_gmt":"2015-01-16T08:46:09","guid":{"rendered":"http:\/\/efg-deutschland.34u.de\/?page_id=20"},"modified":"2025-03-09T15:00:27","modified_gmt":"2025-03-09T13:00:27","slug":"insekt-des-jahres","status":"publish","type":"page","link":"https:\/\/www.entomofaunistische-gesellschaft.de\/?page_id=20","title":{"rendered":"Insekt des Jahres"},"content":{"rendered":"<p>Der \u00d6lk\u00e4fer (<em>Meloe proscarabaeus<\/em>) ist das Insekt des Jahres 2020.<\/p>\n\n\n<p>Die D\u00e4nische Eintagsfliege (<em>Ephemera danica<\/em>) ist das Insekt des Jahres 2021. N\u00e4here Informationen <a href=\"https:\/\/www.dgaae.de\/de\/insekt-des-jahres.html\" data-type=\"URL\" data-id=\"https:\/\/www.dgaae.de\/de\/insekt-des-jahres.html\">hier<\/a>. <\/p>\n\n\n\n<p>Die Schwarzhalsige Kamelhalsfliege \u2013 (<em>Venustoraphia nigricollis)<\/em> ist das Insekt des Jahres 2022<br> N\u00e4here Informationen <a href=\"https:\/\/www.senckenberg.de\/de\/institute\/sdei\/senckenberg-deutsches-entomologisches-institut-insekt-des-jahres\/insekt-des-jahres-2022\/\">hier<\/a><\/p>\n\n\n\n<p>Das Landk\u00e4rtchen \u2013 (<em>Araschnia levana<\/em>) ist das Insekt des Jahres 2023 . N\u00e4here Informationen <a href=\"https:\/\/www.senckenberg.de\/de\/institute\/sdei\/senckenberg-deutsches-entomologisches-institut-insekt-des-jahres\/insekt-des-jahres-2023\/\">hier<\/a><\/p>\n\n\n\n<p>Insekt des Jahres 2024 ist der Stierk\u00e4fer (<em>Typhaeus typhoeus<\/em>). N\u00e4here Informationen <a href=\"https:\/\/www.nabu.de\/tiere-und-pflanzen\/insekten-und-spinnen\/kaefer\/34249.html\">hier<\/a><\/p>\n\n\n\n<figure class=\"wp-block-image size-full\"><a href=\"https:\/\/www.entomofaunistische-gesellschaft.de\/wp-content\/uploads\/2024\/04\/Typh.typhaeus06.jpg\"><img loading=\"lazy\" decoding=\"async\" width=\"920\" height=\"611\" src=\"https:\/\/www.entomofaunistische-gesellschaft.de\/wp-content\/uploads\/2024\/04\/Typh.typhaeus06.jpg\" alt=\"\" class=\"wp-image-531\" srcset=\"https:\/\/www.entomofaunistische-gesellschaft.de\/wp-content\/uploads\/2024\/04\/Typh.typhaeus06.jpg 920w, https:\/\/www.entomofaunistische-gesellschaft.de\/wp-content\/uploads\/2024\/04\/Typh.typhaeus06-300x199.jpg 300w, https:\/\/www.entomofaunistische-gesellschaft.de\/wp-content\/uploads\/2024\/04\/Typh.typhaeus06-768x510.jpg 768w, https:\/\/www.entomofaunistische-gesellschaft.de\/wp-content\/uploads\/2024\/04\/Typh.typhaeus06-624x414.jpg 624w\" sizes=\"auto, (max-width: 920px) 100vw, 920px\" \/><\/a><figcaption class=\"wp-element-caption\">Stierk\u00e4fer <em>Typhaeus typhoes<\/em> (Foto: J. Gebert)<\/figcaption><\/figure>\n\n\n\n<p>Insekt des Jahre 2025 ist die Holzwespen-Schlupfwespe (<em>Rhyssa persuasoria<\/em>). N\u00e4here Informationen <a href=\"https:\/\/www.nabu.de\/tiere-und-pflanzen\/insekten-und-spinnen\/hautfluegler\/wespen-und-hornissen\/35688.html\">hier<\/a>.<\/p>\n","protected":false},"excerpt":{"rendered":"<p>Der \u00d6lk\u00e4fer (Meloe proscarabaeus) ist das Insekt des Jahres 2020. Die D\u00e4nische Eintagsfliege (Ephemera danica) ist das Insekt des Jahres 2021. N\u00e4here Informationen hier. Die Schwarzhalsige Kamelhalsfliege \u2013 (Venustoraphia nigricollis) ist das Insekt des Jahres 2022 N\u00e4here Informationen hier Das Landk\u00e4rtchen \u2013 (Araschnia levana) ist das Insekt des Jahres 2023 . N\u00e4here Informationen hier Insekt [&hellip;]<\/p>\n","protected":false},"author":2,"featured_media":0,"parent":0,"menu_order":0,"comment_status":"closed","ping_status":"open","template":"","meta":{"footnotes":""},"class_list":["post-20","page","type-page","status-publish","hentry"],"_links":{"self":[{"href":"https:\/\/www.entomofaunistische-gesellschaft.de\/index.php?rest_route=\/wp\/v2\/pages\/20","targetHints":{"allow":["GET"]}}],"collection":[{"href":"https:\/\/www.entomofaunistische-gesellschaft.de\/index.php?rest_route=\/wp\/v2\/pages"}],"about":[{"href":"https:\/\/www.entomofaunistische-gesellschaft.de\/index.php?rest_route=\/wp\/v2\/types\/page"}],"author":[{"embeddable":true,"href":"https:\/\/www.entomofaunistische-gesellschaft.de\/index.php?rest_route=\/wp\/v2\/users\/2"}],"replies":[{"embeddable":true,"href":"https:\/\/www.entomofaunistische-gesellschaft.de\/index.php?rest_route=%2Fwp%2Fv2%2Fcomments&post=20"}],"version-history":[{"count":14,"href":"https:\/\/www.entomofaunistische-gesellschaft.de\/index.php?rest_route=\/wp\/v2\/pages\/20\/revisions"}],"predecessor-version":[{"id":646,"href":"https:\/\/www.entomofaunistische-gesellschaft.de\/index.php?rest_route=\/wp\/v2\/pages\/20\/revisions\/646"}],"wp:attachment":[{"href":"https:\/\/www.entomofaunistische-gesellschaft.de\/index.php?rest_route=%2Fwp%2Fv2%2Fmedia&parent=20"}],"curies":[{"name":"wp","href":"https:\/\/api.w.org\/{rel}","templated":true}]}}