{"id":22,"date":"2015-01-16T08:46:26","date_gmt":"2015-01-16T08:46:26","guid":{"rendered":"http:\/\/efg-deutschland.34u.de\/?page_id=22"},"modified":"2025-08-15T10:17:34","modified_gmt":"2025-08-15T08:17:34","slug":"entomologische-nachrichten-und-berichte-dresden","status":"publish","type":"page","link":"https:\/\/www.entomofaunistische-gesellschaft.de\/?page_id=22","title":{"rendered":"Entomologische Nachrichten und Berichte (ENB)"},"content":{"rendered":"<p>Diese Zeitschrift erscheint mit 4 Ausgaben pro Jahr <a href=\"https:\/\/www.entomofaunistische-gesellschaft.de\/wp-content\/uploads\/2018\/02\/beih21_umschlag.jpg\"><img loading=\"lazy\" decoding=\"async\" class=\"alignright size-medium wp-image-275\" src=\"https:\/\/www.entomofaunistische-gesellschaft.de\/wp-content\/uploads\/2018\/02\/beih21_umschlag-212x300.jpg\" alt=\"\" width=\"212\" height=\"300\" srcset=\"https:\/\/www.entomofaunistische-gesellschaft.de\/wp-content\/uploads\/2018\/02\/beih21_umschlag-212x300.jpg 212w, https:\/\/www.entomofaunistische-gesellschaft.de\/wp-content\/uploads\/2018\/02\/beih21_umschlag.jpg 530w\" sizes=\"auto, (max-width: 212px) 100vw, 212px\" \/><\/a>und einem ungef\u00e4hren Umfang von 288 Seiten. Es sind Arbeiten \u00fcber alle Insektengruppen sowie Spinnentiere enthalten. Der geographische Schwerpunkt liegt in Europa, wobei die meisten Arbeiten Deutschland betreffen.<\/p>\n<p><strong>Autorenrichtlinien<\/strong> f\u00fcr die ENB zum Download <a href=\"https:\/\/www.entomofaunistische-gesellschaft.de\/wp-content\/uploads\/2025\/08\/autorenRL_ENB.pdf\">hier<\/a>.<\/p>\n<p>Die \u201cEntomologischen Nachrichten und Berichte\u201d k\u00f6nnen \u00fcber folgende Anschrift bezogen werden:<\/p>\n<p><strong>Redaktion:<\/strong><br \/>\u201cEntomologische Nachrichten und Berichte\u201d<br \/>Prof. Dr. Dr. h. c. B. Klausnitzer (Chefredakteur)<br \/>Postfach 202731<br \/>D-01193 Dresden<br \/>oder per E-Mail: klausnitzer.col [at] t-online.de<\/p>\n<p>Hertha Klausnitzer, Dipl. Biol. Uwe Hornig<\/p>\n<p><strong>Wissenschaftlicher Beirat:<\/strong><br \/><a href=\"https:\/\/www.entomofaunistische-gesellschaft.de\/wp-content\/uploads\/2020\/01\/20200103091416132.png\"><img loading=\"lazy\" decoding=\"async\" class=\"size-medium wp-image-363 alignright\" src=\"https:\/\/www.entomofaunistische-gesellschaft.de\/wp-content\/uploads\/2020\/01\/20200103091416132-212x300.png\" alt=\"\" width=\"212\" height=\"300\" srcset=\"https:\/\/www.entomofaunistische-gesellschaft.de\/wp-content\/uploads\/2020\/01\/20200103091416132-212x300.png 212w, https:\/\/www.entomofaunistische-gesellschaft.de\/wp-content\/uploads\/2020\/01\/20200103091416132.png 532w\" sizes=\"auto, (max-width: 212px) 100vw, 212px\" \/><\/a>Prof. Dr. habil. Horst Asp\u00f6ck, Prof. Dr. sc. nat. Holger H. Dathe, Dr. phil. h.c. Werner Marggi, Peter Zwick<\/p>\n<p>Der Preis betr\u00e4gt f\u00fcr Mitglieder der EFG 45,- \u20ac und f\u00fcr<br \/>Nichtmitglieder 55,- \u20ac pro Jahr, einschlie\u00dflich Versandkosten.<\/p>\n<h3>Inhaltsverzeichnisse 2016, 2017, 2020<\/h3>\n<p>Jahrgang 2020 als <a href=\"https:\/\/www.entomofaunistische-gesellschaft.de\/wp-content\/uploads\/2021\/05\/ENBInhalt.Jahrgang.2020.pdf\">PDF<\/a> herunterladen<\/p>\n<p><span style=\"text-decoration: underline;\">Jahrgang 2017<\/span> als <a href=\"https:\/\/www.entomofaunistische-gesellschaft.de\/wp-content\/uploads\/2018\/02\/Inhalt_Jahrgang_2017.pdf\">PDF<\/a> herunterladen<\/p>\n<p><span style=\"text-decoration: underline;\">Jahrgang 2016<\/span> als <a href=\"https:\/\/www.entomofaunistische-gesellschaft.de\/wp-content\/uploads\/2018\/02\/Inhalt_Jahrgang_2016.pdf\">PDF<\/a> herunterladen<\/p>\n<h3>Inhalt und ausgew\u00e4hlte Artikel zur\u00fcckliegender Jahrg\u00e4nge<\/h3>\n<p><a href=\"http:\/\/www.landesmuseum.at\/datenbanken\/digilit\/?serienr=2406\" target=\"_blank\" rel=\"noopener noreferrer\">hier klicken &#8211; \u00f6ffnet neue Seite<\/a><\/p>\n\n\n<p><\/p>\n","protected":false},"excerpt":{"rendered":"<p>Diese Zeitschrift erscheint mit 4 Ausgaben pro Jahr und einem ungef\u00e4hren Umfang von 288 Seiten. Es sind Arbeiten \u00fcber alle Insektengruppen sowie Spinnentiere enthalten. Der geographische Schwerpunkt liegt in Europa, wobei die meisten Arbeiten Deutschland betreffen. Autorenrichtlinien f\u00fcr die ENB zum Download hier. Die \u201cEntomologischen Nachrichten und Berichte\u201d k\u00f6nnen \u00fcber folgende Anschrift bezogen werden: Redaktion:\u201cEntomologische [&hellip;]<\/p>\n","protected":false},"author":2,"featured_media":0,"parent":0,"menu_order":0,"comment_status":"closed","ping_status":"open","template":"","meta":{"footnotes":""},"class_list":["post-22","page","type-page","status-publish","hentry"],"_links":{"self":[{"href":"https:\/\/www.entomofaunistische-gesellschaft.de\/index.php?rest_route=\/wp\/v2\/pages\/22","targetHints":{"allow":["GET"]}}],"collection":[{"href":"https:\/\/www.entomofaunistische-gesellschaft.de\/index.php?rest_route=\/wp\/v2\/pages"}],"about":[{"href":"https:\/\/www.entomofaunistische-gesellschaft.de\/index.php?rest_route=\/wp\/v2\/types\/page"}],"author":[{"embeddable":true,"href":"https:\/\/www.entomofaunistische-gesellschaft.de\/index.php?rest_route=\/wp\/v2\/users\/2"}],"replies":[{"embeddable":true,"href":"https:\/\/www.entomofaunistische-gesellschaft.de\/index.php?rest_route=%2Fwp%2Fv2%2Fcomments&post=22"}],"version-history":[{"count":37,"href":"https:\/\/www.entomofaunistische-gesellschaft.de\/index.php?rest_route=\/wp\/v2\/pages\/22\/revisions"}],"predecessor-version":[{"id":736,"href":"https:\/\/www.entomofaunistische-gesellschaft.de\/index.php?rest_route=\/wp\/v2\/pages\/22\/revisions\/736"}],"wp:attachment":[{"href":"https:\/\/www.entomofaunistische-gesellschaft.de\/index.php?rest_route=%2Fwp%2Fv2%2Fmedia&parent=22"}],"curies":[{"name":"wp","href":"https:\/\/api.w.org\/{rel}","templated":true}]}}