{"id":251,"date":"2016-05-04T15:09:42","date_gmt":"2016-05-04T13:09:42","guid":{"rendered":"http:\/\/www.entomofaunistische-gesellschaft.de\/?page_id=251"},"modified":"2025-11-13T16:08:47","modified_gmt":"2025-11-13T14:08:47","slug":"enb-beihefte","status":"publish","type":"page","link":"https:\/\/www.entomofaunistische-gesellschaft.de\/?page_id=251","title":{"rendered":"Beihefte der ENB"},"content":{"rendered":"<p><strong>Beiheft 1<\/strong> (1978): Klausnitzer, B., Jacob, U., Jarisch, O., Joost, W., Klima, F. &amp; G. Peters: Wasserinsekten. \u2013 Kulturbund der DDR, Bautzen, Eigenverlag. 88 S.<\/p>\n<p><strong>Beiheft<\/strong> <strong>2<\/strong> (1982): Reinhardt, R. &amp; Kames, P.: Beitr\u00e4ge zur Insektenfauna der DDR. Lepidoptera \u2013 Rhopalocera et Hesperiidae. \u2013 Entomologische Nachrichten und Berichte, 72 S.<\/p>\n<p><strong>Beiheft 3<\/strong> (1983): Reinhardt, R.: Beitr\u00e4ge zur Insektenfauna der DDR Lepidoptera \u2013 Rhopalocera et Hesperiidae II Nemeobiidae \u2013 Nymphalidae (mit Verbreitungskarten Nr. 44-81) sowie Lycaenidae (Karten Nr. 82-125) und Hesperiidae (Karten Nr. 125-149). \u2013 Entomologische Nachrichten und Berichte 26: 1-78 [u. Karten].<\/p>\n<p><strong>Beiheft 4<\/strong> (1998): Entomofauna Germanica, Band 1. K\u00f6hler, F. &amp; B. Klausnitzer (Hrsg.): Verzeichnis der K\u00e4fer Deutschlands. 185 S.<\/p>\n<p><strong>Beiheft 5<\/strong> (1999): Entomofauna Germanica, Band 3. Gaedike, R. &amp; W. Heinicke (Hrsg.): Verzeichnis der Schmetterlinge Deutschlands. 216 S.<\/p>\n<p><strong>Beiheft 6<\/strong> (2001): Entomofauna Germanica, Band 5. Klausnitzer, B. (Hrsg.): Verzeichnis der Archaeognatha (H. Sturm), Zygentoma (H. Sturm), Odonata (J. M\u00fcller &amp; M. Schorr), Plecoptera (H. Reusch &amp; A. Weinzierl), Dermaptera (D. Matzke), Mantoptera (P. Detzel &amp; R. Ehrmann), Ensifera (P. Detzel), Caelifera (P. Detzel), Thysanoptera (G. Schliephake) und Trichoptera (B. Robert) Deutschlands. 164 S.<\/p>\n<p><strong>Beiheft 7<\/strong> (2001): Entomofauna Germanica, Band 4. Dathe, H. H., Taeger, A. &amp; S. M. Blank (Hrsg.): Verzeichnis der Hautfl\u00fcgler Deutschlands. 180 S.<\/p>\n<p><strong>Beiheft 8<\/strong> (2003): Entomofauna Germanica, Band 6. Klausnitzer, B. (Hrsg.): Verzeichnis der Protura (B. Balkenhol &amp; A. Szeptycki), Collembola (H.-J. Schulz, G. Bretfeld &amp; B. Zimdars), Diplura (E. Christian), Ephemeroptera (A. Haybach &amp; P. Malzacher), Blattoptera (H. Bohn), Psocoptera (Ch. Lienhard), Phthiraptera (E. Mey), Auchenorrhyncha (H. Nickel &amp; R. Remane), Psylloidea (D. Burckhardt &amp; P. Lauterer), Aleyrodoidea (R. B\u00e4hrmann), Aphidina (Th. Thieme &amp; H. Eggers-Schumacher), Coccina (H. Schmutterer), Heteroptera (H.-J. Hoffmann &amp; A. Melber), Strepsiptera (H. Pohl &amp; J. Oehlke), Raphidioptera (C. Saure), Megaloptera (C. Saure), Neuroptera (C. Saure), Siphonaptera (Ch. Kutzscher &amp; D. Striese) und Mecoptera (C. Saure) Deutschlands. 344 S.<\/p>\n<p><strong>Beiheft 9<\/strong> (2004): Hauser, H.: Untersuchungen zur Systematik und Biogeografie der <em>Craspedosoma rawlinsii<\/em> Leach-Gruppe (Diplopoda: Chordeumatida: Craspedosomatidae). 32 S.<\/p>\n<p><strong>Beiheft 10<\/strong> (2006): Gebert, J.: Die Sandlaufk\u00e4fer und Laufk\u00e4fer von Sachsen. Teil 1 (Carabidae: Cicindelini-Loricerini). \u2013 In: Klausnitzer, B. &amp; Reinhardt, R. (Hrsg.): Beitr\u00e4ge zur Insektenfauna Sachsens, Band 4. 180 S.<\/p>\n<p><strong>Beiheft 11<\/strong> (2007): Reinhardt, R., Sbieschne, H., Settele, J., Fischer, U. &amp; Fiedler, G.: Tagfalter von Sachsen. \u2013 Entomologische Nachrichten und Berichte, Beiheft 11, 696 S. + Anh\u00e4nge. Dresden.<\/p>\n<p><strong>Beiheft 12<\/strong> (2009): Klausnitzer, B., Behne, L., Franke, R., Gebert, J., Hoffmann, W., Hornig, U., J\u00e4ger, O., Richter, W., Sieber, M. &amp; Vogel, J. (2009): Die K\u00e4ferfauna (Coleoptera) der Oberlausitz. Teil 1. \u2013 Entomologische Nachrichten und Berichte, Beiheft 12, 252 S.<\/p>\n<p><strong>Beiheft 13<\/strong> (2010): Sbieschne, H., St\u00f6ckel, D., Sobczyk, Th., Wauer, S. &amp; Trampenau, M.: Die Schmetterlingsfauna (Lepidoptera) der Oberlausitz. Teil 1: Hepialidae, Psychidae, Limacodidae, Zygaenidae, Sesiidae, Cossidae, Lasiocampidae, Endromidae, Saturniidae, Lemoniidae, Sphingidae, Drepanidae, Notodontidae, Pantheidae, Lymantriidae, Nolidae, Arctiidae. S. 7-8 \u2013 In: Klausnitzer, B. &amp; Reinhardt, R. (Hrsg.): Beitr\u00e4ge zur Insektenfauna Sachsens, Band 12. \u2013 Entomologische Nachrichten und Berichte, Beiheft 13, 180 S., Dresden.<\/p>\n<p><strong>Beiheft 14<\/strong> (2012): Sbieschne, H., St\u00f6ckel, D., Sobczyk, Th., Wauer, S., Trampenau, M. &amp; Jornitz, H.: Die Schmetterlingsfauna (Lepidoptera) der Oberlausitz. Teil 2: Die Eulenfalter (Noctuidae). \u2013 In: Klausnitzer, B. &amp; Reinhardt, R. (Hrsg.): Beitr\u00e4ge zur Insektenfauna Sachsens, Band 13. \u2013 Entomologische Nachrichten und Berichte, Beiheft 14, 264 S., 64 Farbbilder, 1 Karte. Dresden.<\/p>\n<p><strong>Beiheft 15<\/strong> (2013): Vogel, J.: Die Staphyliniden-Fauna der Oberlausitz. Die K\u00e4ferfauna (Coleoptera) der Oberlausitz. Teil 2. \u2013 In: Klausnitzer, B. &amp; Reinhardt, R. (Hrsg.): Beitr\u00e4ge zur Insektenfauna Sachsens, Band 15. \u2013 Entomologische Nachrichten und Berichte, Beiheft 15, 252 S., 1 Karte.<\/p>\n<p><strong>Beiheft 16<\/strong> (2013): Sbieschne, H., St\u00f6ckel, D., Sobczyk, Th., Wauer, S., Trampenau, M. &amp; Jornitz, H.: Die Schmetterlingsfauna (Lepidoptera) der Oberlausitz. Teil 3: Die Spanner (Geometridae). \u2013 In: Klausnitzer, B. &amp; Reinhardt, R. (Hrsg.): Beitr\u00e4ge zur Insektenfauna Sachsens, Band 16. \u2013 Entomologische Nachrichten und Berichte, Beiheft 16, 232 S., 64 Farbbilder, 1 Karte. Dresden.<\/p>\n<p><strong>Beiheft 17<\/strong> (2014): Keil, T.: Die Widderchen des Iran. \u2013 Entomologische Nachrichten und Berichte, Beiheft 17, 462 S., Dresden. Zweisprachig in Deutsch und in Persisch.<\/p>\n<p><strong>Beiheft 18<\/strong> (2014): Sbieschne H., St\u00f6ckel D., Sobczyk Th., Trampenau M. &amp; Reinhardt R.: Die Schmetterlingsfauna (Lepidoptera) der Oberlausitz. Teil 4: Die Tagfalter (Diurna). \u2013 In: Klausnitzer B. &amp; Reinhardt R. (Hrsg.): Beitr\u00e4ge zur Insektenfauna Sachsens, Band 18. \u2013 Entomologische Nachrichten und Berichte, Beiheft 18, 224 S., 1 Karte. Dresden.<\/p>\n<p><strong>Beiheft 19<\/strong> (2015): Keil, T.: Die Widderchen Mittelasiens. Biologie und Verbreitung. Lepidoptera: Zygaenidae, Zygaeninae. \u2013 Entomologische Nachrichten und Berichte, Beiheft 19, 84 S. Dresden.<\/p>\n<p><strong>Beiheft 20<\/strong> (2016): Schmutterer, H. &amp; Hoffmann, Ch.: Die wild lebenden Schildl\u00e4use Deutschlands (Sternorrhyncha, Coccina). \u2013 Entomologische Nachrichten und Berichte, Beiheft 20, 104 S., 15 Farbtafeln. Dresden.<\/p>\n<p><strong>Beiheft 21<\/strong> (2017): Gaedike, R., Nuss, M., Steiner, A. &amp; Trusch, R. (Hrsg.): Verzeichnis der Schmetterlinge Deutschlands (Lepidoptera), 2. \u00fcberarbeitete Auflage. Entomofauna Germanica Band 3. \u2013 Entomologische Nachrichten und Berichte, Beiheft 21, 362 S., 128 Farbbilder.<\/p>\n<p><strong>Beiheft 22<\/strong> (2018): Sobczyk, T., St\u00f6ckel, D., Graf, F., Jornitz, H., Karisch, T. &amp; Wauer, S. (2018): Die Schmetterlingsfauna (Lepidoptera) der Oberlausitz. Teil 5: Kleinschmetterlinge (Microlepidoptera) 1.Teil. \u2013 In: Klausnitzer, B. &amp; Reinhardt, R.: Beitr\u00e4ge zur Insektenfauna Sachsens Band 20. \u2013 Entomologische Nachrichten und Berichte, Beiheft 22.<\/p>\n<p><strong>Beiheft 23 <\/strong>(2018): Klausnitzer, B., Hornig, U., Behne, L., Franke, R., Gebert, J., Hoffmann, W., J\u00e4ger, H. M\u00fcller, O., Richter, W., Sieber, M. &amp; Vogel, J.: Die K\u00e4ferfauna (Coleoptera) der Oberlausitz. Teil 3., Nachtr\u00e4ge, Gesamt\u00fcbersicht und Analyse der Umweltbez\u00fcge. \u2013 Beitr\u00e4ge zur Insektenfauna Sachsens Band 21. \u2013 Entomologische Nachrichten und Berichte, Beiheft 23.<\/p>\n<p><strong>Beiheft 24 <\/strong>(2019): Sobczyk, T., St\u00f6ckel, D., Graf, F., Jornitz, H., Karisch, T. : Die Schmetterlingsfauna (Lepidoptera) der Oberlausitz. Teil 5: Kleinschmetterlinge (Microlepidoptera) 2.Teil. \u2013 In: Klausnitzer, B. &amp; Reinhardt, R.: Beitr\u00e4ge zur Insektenfauna Sachsens Band 22. \u2013 Entomologische Nachrichten und Berichte, Beiheft 24.<\/p>\n<p><strong>Beiheft 25 <\/strong>(2023): Liebig, W.-H., Franke, R., Hornig, U., Klausnitzer, B., Scholz, A., Schulz, H.-J., &amp; Stellmacher, A.: Die Hautfl\u00fcglerfauna (Hymenoptera) der Oberlausitz. Teil 1: Chrysoidea, Vespoidea partim \u2013 In: Klausnitzer, B. &amp; Reinhardt, R.: Beitr\u00e4ge zur Insektenfauna Sachsens Band 24. \u2013 Entomologische Nachrichten und Berichte, Beiheft 25.<\/p>\n<p><strong>Beiheft 26<\/strong> (2022): Hornig, U. &amp; Klausnitzer, B. (2022): Verzeichnis der K\u00e4fer (Coleoptera) Sachsens mit einer Darstellung der historischen Grundlagen. \u2013 Beitr\u00e4ge zur Insektenfauna Sachsens Band 25. \u2013 Entomologische Nachrichten und Berichte, Beiheft 26.<\/p>\n<p><strong>Beiheft 27 <\/strong>(2025): Liebig, W.-H., Franke, R., Scholz, H., &amp; Stellmacher, A. (2023): Die Hautfl\u00fcglerfauna (Hymenoptera) der Oberlausitz. Teil 2: Pompilidae \u2013 Wegwespen, Spheciformes \u2013 Grabwespen, Nachtrag zu Teil 1. \u2013 Beitr\u00e4ge zur Insektenfauna Sachsens Band 26. \u2013 Entomologische Nachrichten und Berichte, Beiheft 27.<\/p>\n","protected":false},"excerpt":{"rendered":"<p>Beiheft 1 (1978): Klausnitzer, B., Jacob, U., Jarisch, O., Joost, W., Klima, F. &amp; G. Peters: Wasserinsekten. \u2013 Kulturbund der DDR, Bautzen, Eigenverlag. 88 S. Beiheft 2 (1982): Reinhardt, R. &amp; Kames, P.: Beitr\u00e4ge zur Insektenfauna der DDR. Lepidoptera \u2013 Rhopalocera et Hesperiidae. \u2013 Entomologische Nachrichten und Berichte, 72 S. Beiheft 3 (1983): Reinhardt, R.: [&hellip;]<\/p>\n","protected":false},"author":5,"featured_media":0,"parent":0,"menu_order":0,"comment_status":"closed","ping_status":"closed","template":"","meta":{"footnotes":""},"class_list":["post-251","page","type-page","status-publish","hentry"],"_links":{"self":[{"href":"https:\/\/www.entomofaunistische-gesellschaft.de\/index.php?rest_route=\/wp\/v2\/pages\/251","targetHints":{"allow":["GET"]}}],"collection":[{"href":"https:\/\/www.entomofaunistische-gesellschaft.de\/index.php?rest_route=\/wp\/v2\/pages"}],"about":[{"href":"https:\/\/www.entomofaunistische-gesellschaft.de\/index.php?rest_route=\/wp\/v2\/types\/page"}],"author":[{"embeddable":true,"href":"https:\/\/www.entomofaunistische-gesellschaft.de\/index.php?rest_route=\/wp\/v2\/users\/5"}],"replies":[{"embeddable":true,"href":"https:\/\/www.entomofaunistische-gesellschaft.de\/index.php?rest_route=%2Fwp%2Fv2%2Fcomments&post=251"}],"version-history":[{"count":9,"href":"https:\/\/www.entomofaunistische-gesellschaft.de\/index.php?rest_route=\/wp\/v2\/pages\/251\/revisions"}],"predecessor-version":[{"id":772,"href":"https:\/\/www.entomofaunistische-gesellschaft.de\/index.php?rest_route=\/wp\/v2\/pages\/251\/revisions\/772"}],"wp:attachment":[{"href":"https:\/\/www.entomofaunistische-gesellschaft.de\/index.php?rest_route=%2Fwp%2Fv2%2Fmedia&parent=251"}],"curies":[{"name":"wp","href":"https:\/\/api.w.org\/{rel}","templated":true}]}}