{"id":8,"date":"2015-01-16T08:37:23","date_gmt":"2015-01-16T08:37:23","guid":{"rendered":"http:\/\/efg-deutschland.34u.de\/?page_id=8"},"modified":"2025-09-06T08:37:04","modified_gmt":"2025-09-06T06:37:04","slug":"mitglieder","status":"publish","type":"page","link":"https:\/\/www.entomofaunistische-gesellschaft.de\/?page_id=8","title":{"rendered":"Mitglieder"},"content":{"rendered":"<h3>Mitgliederstand: 23.01.2024<\/h3>\n<p>271 Mitglieder<br \/>\n3 korporative Mitglieder<br \/>\n4 (9) Ehrenmitglieder<\/p>\n<p>Sie m\u00f6chten der Entomofaunistischen Gesellschaft e. V. beitreten? Bitte laden Sie sich den Antrag herunter, f\u00fcllen Sie ihn aus (<a href=\"https:\/\/www.entomofaunistische-gesellschaft.de\/wp-content\/uploads\/2025\/01\/Antrag-auf-Mitgliedschaft-in-der-EFG.pdf\" target=\"_blank\" rel=\"noopener noreferrer\">Formular)<\/a> und senden Sie ihn an die EFG e. V.!<\/p>\n<h3>Korporative Mitglieder<\/h3>\n<ul>\n<li>Deutsche Gesellschaft f\u00fcr allgemeine und angewandte Entomologie (DGaaE)<\/li>\n<li>Entomologischer Verein Mecklenburg e. V. (EVM)<\/li>\n<li>Landesamt f\u00fcr Umweltschutz Sachsen-Anhalt (LAU)<\/li>\n<\/ul>\n<h3>\u00a0Ehrenmitglieder<\/h3>\n<ul>\n<li>Dr. Helmut Steuer (gest. 31. 10. 2005)<\/li>\n<li>Klaus Graser (gest. 26. 08. 2006)<\/li>\n<li>Helmut N\u00fcssler (gest. 01. 05. 2011)<\/li>\n<li>Hans Leutsch (gest. 08. 07. 2014)<\/li>\n<li>Prof. Dr. Ulrich Sedlag (gest. 16. 03. 2016)<\/li>\n<\/ul>\n<ul>\n<li>Prof. Dr. Rudolf B\u00e4hrmann (K\u00f6ln)<\/li>\n<li>OStR Wolfgang Heinicke (gest. 16.3.2017)<\/li>\n<li>Hertha Klausnitzer (Dresden)<\/li>\n<li>Dr. G\u00fcnter Petersen (Dahmetal)<\/li>\n<li>Prof. Dr. Holger H. Dathe (M\u00fcncheberg)<\/li>\n<\/ul>\n","protected":false},"excerpt":{"rendered":"<p>Mitgliederstand: 23.01.2024 271 Mitglieder 3 korporative Mitglieder 4 (9) Ehrenmitglieder Sie m\u00f6chten der Entomofaunistischen Gesellschaft e. V. beitreten? Bitte laden Sie sich den Antrag herunter, f\u00fcllen Sie ihn aus (Formular) und senden Sie ihn an die EFG e. V.! Korporative Mitglieder Deutsche Gesellschaft f\u00fcr allgemeine und angewandte Entomologie (DGaaE) Entomologischer Verein Mecklenburg e. V. (EVM) [&hellip;]<\/p>\n","protected":false},"author":2,"featured_media":0,"parent":0,"menu_order":0,"comment_status":"closed","ping_status":"open","template":"","meta":{"footnotes":""},"class_list":["post-8","page","type-page","status-publish","hentry"],"_links":{"self":[{"href":"https:\/\/www.entomofaunistische-gesellschaft.de\/index.php?rest_route=\/wp\/v2\/pages\/8","targetHints":{"allow":["GET"]}}],"collection":[{"href":"https:\/\/www.entomofaunistische-gesellschaft.de\/index.php?rest_route=\/wp\/v2\/pages"}],"about":[{"href":"https:\/\/www.entomofaunistische-gesellschaft.de\/index.php?rest_route=\/wp\/v2\/types\/page"}],"author":[{"embeddable":true,"href":"https:\/\/www.entomofaunistische-gesellschaft.de\/index.php?rest_route=\/wp\/v2\/users\/2"}],"replies":[{"embeddable":true,"href":"https:\/\/www.entomofaunistische-gesellschaft.de\/index.php?rest_route=%2Fwp%2Fv2%2Fcomments&post=8"}],"version-history":[{"count":27,"href":"https:\/\/www.entomofaunistische-gesellschaft.de\/index.php?rest_route=\/wp\/v2\/pages\/8\/revisions"}],"predecessor-version":[{"id":752,"href":"https:\/\/www.entomofaunistische-gesellschaft.de\/index.php?rest_route=\/wp\/v2\/pages\/8\/revisions\/752"}],"wp:attachment":[{"href":"https:\/\/www.entomofaunistische-gesellschaft.de\/index.php?rest_route=%2Fwp%2Fv2%2Fmedia&parent=8"}],"curies":[{"name":"wp","href":"https:\/\/api.w.org\/{rel}","templated":true}]}}